{"id":7292,"date":"2023-12-22T12:50:00","date_gmt":"2023-12-22T11:50:00","guid":{"rendered":"https:\/\/www.oenovino.paris\/?post_type=product&#038;p=7292"},"modified":"2025-07-23T15:39:32","modified_gmt":"2025-07-23T13:39:32","slug":"french-wine-scholar","status":"publish","type":"product","link":"https:\/\/www.oenovino.paris\/en\/produit\/french-wine-scholar\/","title":{"rendered":"FRENCH WINE SCHOLAR"},"content":{"rendered":"<div class=\"wpb-content-wrapper\"><h1>ENROLMENT<\/h1>\n<p>The French Wine Scholar Program is intended for people who want to embark in a in depth journey across the diversity of the French wine terroirs. It is suitable wherever a good level of wine knowledge is required to underpin job skills and competencies and is well tailored for different categories of people :<\/p>\n<ul>\n<li id=\"tw-target-text\" class=\"tw-data-text tw-text-large tw-ta\" dir=\"ltr\" data-placeholder=\"Traduction\" data-ved=\"2ahUKEwiKp5P5gaODAxWqQ6QEHXELAmcQ3ewLegQICRAQ\"><span class=\"Y2IQFc\" lang=\"en\">For beginner professionals or job seekers who want to get started in the wine sector. <\/span><\/li>\n<li class=\"tw-data-text tw-text-large tw-ta\" dir=\"ltr\" data-placeholder=\"Traduction\" data-ved=\"2ahUKEwiKp5P5gaODAxWqQ6QEHXELAmcQ3ewLegQICRAQ\"><span class=\"Y2IQFc\" lang=\"en\">For entrepreneurs, wine merchants, salespeople, waiters and sommeliers who wish to obtain recognized international certification on French wines.<\/span><\/li>\n<li dir=\"ltr\" data-placeholder=\"Traduction\" data-ved=\"2ahUKEwiKp5P5gaODAxWqQ6QEHXELAmcQ3ewLegQICRAQ\"><span class=\"Y2IQFc\" lang=\"en\">For French wine lovers who want to know and understand everything about their favourite regions.<\/span><\/li>\n<\/ul>\n<p>Completion of the program doesn\u2019t just reward you with a certificate; it confers upon you the sought-after FWS post-nominal initials, symbolizing advanced-level proficiency and industry-wide respect.\u200b<\/p>\n<h1 id=\"programme\">REQUIREMENTS TO SIGN-UP FOR THE COURSE<\/h1>\n<ul>\n<li>Basic knowledge about wine tasting and wine theory (main grape varieties of France, basic steps of vinification,&#8230;)<\/li>\n<li>A minimum of 50 hours of preparation (but we recommend 80 hours) by reading the course book and provided online documentation.<\/li>\n<\/ul>\n<p>Feel free <a href=\"https:\/\/www.oenovino.paris\/en\/about\/#form-contact_qui\">to contact us<\/a> to get a personalized evaluation of your actual level.<\/p>\n<h1>LEARNING OUTCOMES<\/h1>\n<p>The French Wine Scholar program presents each French wine region as an integrated whole by explaining the impact of history, the significance of geological events, the importance of<br \/>\ntopographical markers and the influence of climatic factors on the wine the glass. No topic is discussed in isolation in order to give students a working knowledge of the material at hand.<br \/>\nFor more information on FWS ; <a href=\"https:\/\/www.oenovino.paris\/wp-content\/uploads\/2023\/12\/FWS_Detailed_Curriculum.pdf\" target=\"_blank\" rel=\"noopener noreferrer\">download the fully detailed curiculum here<\/a>.<\/p>\n<p>[vc_row full_width=&#8221;stretch_row&#8221; equal_height=&#8221;yes&#8221; content_placement=&#8221;middle&#8221; parallax=&#8221;content-moving&#8221; parallax_image=&#8221;2353&#8243; css=&#8221;.vc_custom_1511702350108{margin-top: 50px !important;padding-top: 90px !important;margin-bottom: 50px !important;padding-bottom: 70px !important;}&#8221; el_class=&#8221;nd_options_vc_parallax_filter_1_3&#8243;] <h1 style=\"color:#ffffff; padding:px; text-align:; font-size:px; line-height:px; letter-spacing: 1px; font-weight:bold;\" class=\"   nd_options_second_font \">What's included<\/h1> <div style=\"background-color:; height: 10px;\" class=\"nicdark_section  \"><\/div>[vc_column_text el_class=&#8221;texte-blanc&#8221; css=&#8221;.vc_custom_1490733990377{margin-right: 5% !important;}&#8221;][\/vc_row]<\/p>\n<p class=\"p1\">The course is taught by a FWS certified and seasoned wine expert. The following study materials are available to students:<\/p>\n<ul class=\"ul1\">\n<li class=\"li4\">Study Manual (330-pages) featuring all the information you need to know.<\/li>\n<li class=\"li4\">Digital copy of the study manual provided immediately as your registration is confirmed.<\/li>\n<li class=\"li4\">FWS online study modules with tailored videos and exercices.<\/li>\n<li>3 Online tutored group sessions before the examination.<\/li>\n<li class=\"li4\">2 days classroom course leaded\u00a0 by an expert-instructor.<\/li>\n<li>30+ wines tasted in class to illustrate and underline the key aspects of French wines styles and diversity.<\/li>\n<\/ul>\n<p class=\"p4\"><b>IMPORTANT\u00a0<\/b>: In order to offer the best possible tuition to students, attendance is limited to a dozen of participants.<\/p>\n<p>[vc_row full_width=&#8221;stretch_row&#8221; equal_height=&#8221;yes&#8221; content_placement=&#8221;middle&#8221; parallax=&#8221;content-moving&#8221; parallax_image=&#8221;36&#8243; css=&#8221;.vc_custom_1511702350108{margin-top: 50px !important;padding-top: 90px !important;margin-bottom: 50px !important;padding-bottom: 70px !important;}&#8221; el_class=&#8221;nd_options_vc_parallax_filter_1_3&#8243;] <h1 style=\"color:#ffffff; padding:px; text-align:; font-size:px; line-height:px; letter-spacing: 1px; font-weight:bold;\" class=\"   nd_options_second_font \">Classroom French Wine Tasting<\/h1> <div style=\"background-color:; height: 10px;\" class=\"nicdark_section  \"><\/div>[vc_column_text el_class=&#8221;texte-blanc&#8221; css=&#8221;.vc_custom_1490733990377{margin-right: 5% !important;}&#8221;][\/vc_row]<\/p>\n<p><b>More than 30 wines tasted in class, <\/b>chosen among the great wine regions of France for their typicity and quality. The aim is to offer an overall coverage of the diverity of french terroirs, from Alsace to Corsica, whithout forgetting small and emblematic regions like Jura, Savoie&#8230; etc &#8230;<\/p>\n<p>Some past examples : C\u00f4te-R\u00f4tie &#8211; domaine Ogier, Haut M\u00e9doc &#8211; Ch\u00e2teau Cantemerle Grand Cru Class\u00e9, Chablis &#8211; Albert Bichot, &#8230; etc&#8230;<\/p>\n<h1 class=\"p3\">FINAL EXAM<\/h1>\n<p><strong>The French wine scholar<\/strong> is assessed by a closed-book examination that consists of 100 multiple-choice questions, to be completed in 60 minutes and covering all of the wine regions of France.<\/p>\n<p>All examination questions are based on the published learning outcomes, and the recommended study materials contain the information required to answer these questions. A candidate is required to pass with <strong>a minimum mark of 75 per cent<\/strong>.<\/p>\n<p><strong>Exam date<\/strong> : Last day of the Course. 6PM at the school.<\/p>\n<h1 class=\"p3\">EQUAL OPPORTUNITY AND ANTI-DISCRIMINATION POLICY<\/h1>\n<p class=\"p3\">Oenovino is a company that fights discrimination and advocates for equal opportunity in the wine world.\u00a0<a href=\"https:\/\/www.oenovino.paris\/index.php\/cgv\/\">Please find here our Terms and Conditions<\/a>.<\/p>\n<p>If you need specific assistance or arrangements that we can offer, please contact us early on in order for us to find the best solution for you. <a href=\"https:\/\/www.oenovino.paris\/index.php\/qui-sommes-nous\/#Contact\">Contact us<\/a>.<\/p>\n<h1>ACCESSIBILITY FOR PEOPLE WITH DISABILITIES<\/h1>\n<p>We ensure that the reception conditions for people with disabilities are respected and we study all situations on a case-by-case basis in order to consider integration into training. In the event that this is not possible, we will arrange for referral to other appropriate organizations. For any question concerning a situation of disability, whatever it is, and to assess and anticipate the necessary arrangements for your participation, please get in touch with our <strong>disability referent<\/strong>\u00a0: Jules Lamon \u2013\u00a0 jlamon [at] oenovino [point] paris \u2013 T\u00e9l : 01 84 25 05 86<\/p>\n<h1 class=\"p3\">HOW TO FIND US<\/h1>\n<div class=\"vc_row wpb_row vc_row-fluid\">\n<div class=\"wpb_column vc_column_container vc_col-sm-12\">\n<div class=\"vc_column-inner\">\n<div class=\"wpb_wrapper\">\n<div class=\"wpb_gmaps_widget wpb_content_element\">\n<div class=\"wpb_wrapper\">[vc_row][vc_column][vc_gmaps link=&#8221;#E-8_JTNDaWZyYW1lJTIwc3JjJTNEJTIyaHR0cHMlM0ElMkYlMkZ3d3cuZ29vZ2xlLmNvbSUyRm1hcHMlMkZlbWJlZCUzRnBiJTNEJTIxMW0xOCUyMTFtMTIlMjExbTMlMjExZDI2MjUuNDY2ODM4Mzc5NzczNCUyMTJkMi4zMzIwMDUyMTU3MjEzOTglMjEzZDQ4Ljg0OTMwNzY3OTI4NjYzJTIxMm0zJTIxMWYwJTIxMmYwJTIxM2YwJTIxM20yJTIxMWkxMDI0JTIxMmk3NjglMjE0ZjEzLjElMjEzbTMlMjExbTIlMjExczB4NDdlNjcxZGE1ZGIwNDRjZCUyNTNBMHhhOTlhN2IyODZlYzc1YmE4JTIxMnNPZW5vdmlubyUyQi0lMkJWaW4lMkJFdCUyQk9lbm9sb2dpZSUyMTVlMCUyMTNtMiUyMTFzZW4lMjEyc2ZyJTIxNHYxNTEzMTc5MzE3ODc3JTIyJTIwd2lkdGglM0QlMjI2MDAlMjIlMjBoZWlnaHQlM0QlMjI0NTAlMjIlMjBmcmFtZWJvcmRlciUzRCUyMjAlMjIlMjBzdHlsZSUzRCUyMmJvcmRlciUzQTAlMjIlMjBhbGxvd2Z1bGxzY3JlZW4lM0UlM0MlMkZpZnJhbWUlM0U=&#8221;][\/vc_column][\/vc_row]<\/div>\n<\/div>\n<\/div>\n<\/div>\n<\/div>\n<\/div>\n<p class=\"p3\">Oenovino &#8211;\u00a033 rue de Charonne &#8211; 75011 PARIS<\/p>\n<p>DURATION : 2 days\u00a0 \u2013 16 hours\u00a0 (including Examination)<\/p>\n<p>TIME : 9h30-19h00 (Week-end course)<\/p>\n<p>Fee: 990 \u20ac tax included.<\/p>\n<p style=\"text-align: center;\"><a id=\"reserver-formation\" href=\"https:\/\/www.oenovino.paris\/en\/produit\/french-wine-scholar\/#icones-formation\">BOOK A COURSE<\/a><\/p>\n<\/div>","protected":false},"excerpt":{"rendered":"<p style=\"text-align: center;\"><a id=\"reserver-formation\" href=\"https:\/\/www.oenovino.paris\/en\/produit\/french-wine-scholar\/#icones-formation\">BOOK A COURSE<\/a><\/p>\n<p><strong>IMPORTANT Information<\/strong> : French Wine Scholar Courses have been paused for the next Academic year (2025 &#8211; 2026).<\/p>\n<p>Embark on a journey deep into the heart of France with the French Wine Scholar Program\u00ae, the quintessential offering from Wine Scholar Guild \u2014 the international authority on authentic wines of place. <span class=\"TextRun SCXP224715101 BCX0\" lang=\"EN-US\" xml:lang=\"EN-US\" data-usefontface=\"false\" data-contrast=\"none\"><span class=\"NormalTextRun SCXP224715101 BCX0\">The French Wine Scholar<\/span><\/span><span class=\"TextRun MacChromeBold SCXP224715101 BCX0\" lang=\"EN-US\" xml:lang=\"EN-US\" data-usefontface=\"false\" data-contrast=\"none\"><span class=\"NormalTextRun SCXP224715101 BCX0\">\u00ae<\/span><\/span><span class=\"TextRun SCXP224715101 BCX0\" lang=\"EN-US\" xml:lang=\"EN-US\" data-usefontface=\"false\" data-contrast=\"none\"><span class=\"NormalTextRun SCXP224715101 BCX0\">\u00a0program<\/span><\/span><span class=\"TextRun SCXP224715101 BCX0\" lang=\"EN-US\" xml:lang=\"EN-US\" data-usefontface=\"false\" data-contrast=\"none\"><span class=\"NormalTextRun SCXP224715101 BCX0\">\u00a0sets the industry standard as the most in-depth and\u00a0<\/span><\/span><span class=\"TextRun SCXP224715101 BCX0\" lang=\"EN-US\" xml:lang=\"EN-US\" data-usefontface=\"false\" data-contrast=\"none\"><span class=\"NormalTextRun SCXP224715101 BCX0\">comprehensive certification program devoted entirely to the wines of France.<\/span><\/span><span class=\"TextRun SCXP224715101 BCX0\" lang=\"EN-US\" xml:lang=\"EN-US\" data-usefontface=\"false\" data-contrast=\"none\"><span class=\"NormalTextRun SCXP224715101 BCX0\">\u00a0<\/span><\/span><\/p>\n<p>&nbsp;<\/p>\n","protected":false},"featured_media":7342,"template":"","meta":{"_analytify_skip_tracking":false},"product_brand":[],"product_cat":[125,123],"product_tag":[124],"class_list":{"0":"post-7292","1":"product","2":"type-product","3":"status-publish","4":"has-post-thumbnail","6":"product_cat-wine-courses-in-paris","7":"product_cat-french-wine-scholar-paris","8":"product_tag-fws","10":"first","11":"outofstock","12":"taxable","13":"shipping-taxable","14":"purchasable","15":"product-type-variable"},"yoast_head":"<!-- This site is optimized with the Yoast SEO plugin v25.3 - https:\/\/yoast.com\/wordpress\/plugins\/seo\/ -->\n<title>FRENCH WINE SCHOLAR | Oenovino | Wine courses in Paris<\/title>\n<meta name=\"robots\" content=\"index, follow, max-snippet:-1, max-image-preview:large, max-video-preview:-1\" \/>\n<link rel=\"canonical\" href=\"https:\/\/www.oenovino.paris\/en\/produit\/french-wine-scholar\/\" \/>\n<meta property=\"og:locale\" content=\"en_US\" \/>\n<meta property=\"og:type\" content=\"article\" \/>\n<meta property=\"og:title\" content=\"FRENCH WINE SCHOLAR | Oenovino | Wine courses in Paris\" \/>\n<meta property=\"og:description\" content=\"BOOK A COURSE IMPORTANT Information : French Wine Scholar Courses have been paused for the next Academic year (2025 - 2026).  Embark on a journey deep into the heart of France with the French Wine Scholar Program\u00ae, the quintessential offering from Wine Scholar Guild \u2014 the international authority on authentic wines of place. The French Wine Scholar\u00ae\u00a0program\u00a0sets the industry standard as the most in-depth and\u00a0comprehensive certification program devoted entirely to the wines of France.\u00a0  &nbsp;\" \/>\n<meta property=\"og:url\" content=\"https:\/\/www.oenovino.paris\/en\/produit\/french-wine-scholar\/\" \/>\n<meta property=\"og:site_name\" content=\"Oenovino | Wine courses in Paris\" \/>\n<meta property=\"article:publisher\" content=\"https:\/\/www.facebook.com\/OenovinoParis\/\" \/>\n<meta property=\"article:modified_time\" content=\"2025-07-23T13:39:32+00:00\" \/>\n<meta property=\"og:image\" content=\"https:\/\/www.oenovino.paris\/wp-content\/uploads\/2023\/12\/French-wine-scholar-visual-card.png\" \/>\n\t<meta property=\"og:image:width\" content=\"1000\" \/>\n\t<meta property=\"og:image:height\" content=\"1000\" \/>\n\t<meta property=\"og:image:type\" content=\"image\/png\" \/>\n<meta name=\"twitter:card\" content=\"summary_large_image\" \/>\n<meta name=\"twitter:site\" content=\"@Oenovino_\" \/>\n<meta name=\"twitter:label1\" content=\"Est. reading time\" \/>\n\t<meta name=\"twitter:data1\" content=\"5 minutes\" \/>\n<script type=\"application\/ld+json\" class=\"yoast-schema-graph\">{\"@context\":\"https:\/\/schema.org\",\"@graph\":[{\"@type\":\"WebPage\",\"@id\":\"https:\/\/www.oenovino.paris\/en\/produit\/french-wine-scholar\/\",\"url\":\"https:\/\/www.oenovino.paris\/en\/produit\/french-wine-scholar\/\",\"name\":\"FRENCH WINE SCHOLAR | Oenovino | Wine courses in Paris\",\"isPartOf\":{\"@id\":\"https:\/\/www.oenovino.paris\/en\/#website\"},\"primaryImageOfPage\":{\"@id\":\"https:\/\/www.oenovino.paris\/en\/produit\/french-wine-scholar\/#primaryimage\"},\"image\":{\"@id\":\"https:\/\/www.oenovino.paris\/en\/produit\/french-wine-scholar\/#primaryimage\"},\"thumbnailUrl\":\"https:\/\/www.oenovino.paris\/wp-content\/uploads\/2023\/12\/French-wine-scholar-visual-card.png\",\"datePublished\":\"2023-12-22T11:50:00+00:00\",\"dateModified\":\"2025-07-23T13:39:32+00:00\",\"breadcrumb\":{\"@id\":\"https:\/\/www.oenovino.paris\/en\/produit\/french-wine-scholar\/#breadcrumb\"},\"inLanguage\":\"en-US\",\"potentialAction\":[{\"@type\":\"ReadAction\",\"target\":[\"https:\/\/www.oenovino.paris\/en\/produit\/french-wine-scholar\/\"]}]},{\"@type\":\"ImageObject\",\"inLanguage\":\"en-US\",\"@id\":\"https:\/\/www.oenovino.paris\/en\/produit\/french-wine-scholar\/#primaryimage\",\"url\":\"https:\/\/www.oenovino.paris\/wp-content\/uploads\/2023\/12\/French-wine-scholar-visual-card.png\",\"contentUrl\":\"https:\/\/www.oenovino.paris\/wp-content\/uploads\/2023\/12\/French-wine-scholar-visual-card.png\",\"width\":1000,\"height\":1000},{\"@type\":\"BreadcrumbList\",\"@id\":\"https:\/\/www.oenovino.paris\/en\/produit\/french-wine-scholar\/#breadcrumb\",\"itemListElement\":[{\"@type\":\"ListItem\",\"position\":1,\"name\":\"Home\",\"item\":\"https:\/\/www.oenovino.paris\/en\/\"},{\"@type\":\"ListItem\",\"position\":2,\"name\":\"Shop\",\"item\":\"https:\/\/www.oenovino.paris\/en\/shop\/\"},{\"@type\":\"ListItem\",\"position\":3,\"name\":\"FRENCH WINE SCHOLAR\"}]},{\"@type\":\"WebSite\",\"@id\":\"https:\/\/www.oenovino.paris\/en\/#website\",\"url\":\"https:\/\/www.oenovino.paris\/en\/\",\"name\":\"Oenovino | Wine courses in Paris\",\"description\":\"Wine tasting school in Paris\",\"potentialAction\":[{\"@type\":\"SearchAction\",\"target\":{\"@type\":\"EntryPoint\",\"urlTemplate\":\"https:\/\/www.oenovino.paris\/en\/?s={search_term_string}\"},\"query-input\":{\"@type\":\"PropertyValueSpecification\",\"valueRequired\":true,\"valueName\":\"search_term_string\"}}],\"inLanguage\":\"en-US\"}]}<\/script>\n<!-- \/ Yoast SEO plugin. -->","yoast_head_json":{"title":"FRENCH WINE SCHOLAR | Oenovino | Wine courses in Paris","robots":{"index":"index","follow":"follow","max-snippet":"max-snippet:-1","max-image-preview":"max-image-preview:large","max-video-preview":"max-video-preview:-1"},"canonical":"https:\/\/www.oenovino.paris\/en\/produit\/french-wine-scholar\/","og_locale":"en_US","og_type":"article","og_title":"FRENCH WINE SCHOLAR | Oenovino | Wine courses in Paris","og_description":"BOOK A COURSE IMPORTANT Information : French Wine Scholar Courses have been paused for the next Academic year (2025 - 2026).  Embark on a journey deep into the heart of France with the French Wine Scholar Program\u00ae, the quintessential offering from Wine Scholar Guild \u2014 the international authority on authentic wines of place. The French Wine Scholar\u00ae\u00a0program\u00a0sets the industry standard as the most in-depth and\u00a0comprehensive certification program devoted entirely to the wines of France.\u00a0  &nbsp;","og_url":"https:\/\/www.oenovino.paris\/en\/produit\/french-wine-scholar\/","og_site_name":"Oenovino | Wine courses in Paris","article_publisher":"https:\/\/www.facebook.com\/OenovinoParis\/","article_modified_time":"2025-07-23T13:39:32+00:00","og_image":[{"width":1000,"height":1000,"url":"https:\/\/www.oenovino.paris\/wp-content\/uploads\/2023\/12\/French-wine-scholar-visual-card.png","type":"image\/png"}],"twitter_card":"summary_large_image","twitter_site":"@Oenovino_","twitter_misc":{"Est. reading time":"5 minutes"},"schema":{"@context":"https:\/\/schema.org","@graph":[{"@type":"WebPage","@id":"https:\/\/www.oenovino.paris\/en\/produit\/french-wine-scholar\/","url":"https:\/\/www.oenovino.paris\/en\/produit\/french-wine-scholar\/","name":"FRENCH WINE SCHOLAR | Oenovino | Wine courses in Paris","isPartOf":{"@id":"https:\/\/www.oenovino.paris\/en\/#website"},"primaryImageOfPage":{"@id":"https:\/\/www.oenovino.paris\/en\/produit\/french-wine-scholar\/#primaryimage"},"image":{"@id":"https:\/\/www.oenovino.paris\/en\/produit\/french-wine-scholar\/#primaryimage"},"thumbnailUrl":"https:\/\/www.oenovino.paris\/wp-content\/uploads\/2023\/12\/French-wine-scholar-visual-card.png","datePublished":"2023-12-22T11:50:00+00:00","dateModified":"2025-07-23T13:39:32+00:00","breadcrumb":{"@id":"https:\/\/www.oenovino.paris\/en\/produit\/french-wine-scholar\/#breadcrumb"},"inLanguage":"en-US","potentialAction":[{"@type":"ReadAction","target":["https:\/\/www.oenovino.paris\/en\/produit\/french-wine-scholar\/"]}]},{"@type":"ImageObject","inLanguage":"en-US","@id":"https:\/\/www.oenovino.paris\/en\/produit\/french-wine-scholar\/#primaryimage","url":"https:\/\/www.oenovino.paris\/wp-content\/uploads\/2023\/12\/French-wine-scholar-visual-card.png","contentUrl":"https:\/\/www.oenovino.paris\/wp-content\/uploads\/2023\/12\/French-wine-scholar-visual-card.png","width":1000,"height":1000},{"@type":"BreadcrumbList","@id":"https:\/\/www.oenovino.paris\/en\/produit\/french-wine-scholar\/#breadcrumb","itemListElement":[{"@type":"ListItem","position":1,"name":"Home","item":"https:\/\/www.oenovino.paris\/en\/"},{"@type":"ListItem","position":2,"name":"Shop","item":"https:\/\/www.oenovino.paris\/en\/shop\/"},{"@type":"ListItem","position":3,"name":"FRENCH WINE SCHOLAR"}]},{"@type":"WebSite","@id":"https:\/\/www.oenovino.paris\/en\/#website","url":"https:\/\/www.oenovino.paris\/en\/","name":"Oenovino | Wine courses in Paris","description":"Wine tasting school in Paris","potentialAction":[{"@type":"SearchAction","target":{"@type":"EntryPoint","urlTemplate":"https:\/\/www.oenovino.paris\/en\/?s={search_term_string}"},"query-input":{"@type":"PropertyValueSpecification","valueRequired":true,"valueName":"search_term_string"}}],"inLanguage":"en-US"}]}},"jetpack_sharing_enabled":true,"_links":{"self":[{"href":"https:\/\/www.oenovino.paris\/en\/wp-json\/wp\/v2\/product\/7292","targetHints":{"allow":["GET"]}}],"collection":[{"href":"https:\/\/www.oenovino.paris\/en\/wp-json\/wp\/v2\/product"}],"about":[{"href":"https:\/\/www.oenovino.paris\/en\/wp-json\/wp\/v2\/types\/product"}],"wp:featuredmedia":[{"embeddable":true,"href":"https:\/\/www.oenovino.paris\/en\/wp-json\/wp\/v2\/media\/7342"}],"wp:attachment":[{"href":"https:\/\/www.oenovino.paris\/en\/wp-json\/wp\/v2\/media?parent=7292"}],"wp:term":[{"taxonomy":"product_brand","embeddable":true,"href":"https:\/\/www.oenovino.paris\/en\/wp-json\/wp\/v2\/product_brand?post=7292"},{"taxonomy":"product_cat","embeddable":true,"href":"https:\/\/www.oenovino.paris\/en\/wp-json\/wp\/v2\/product_cat?post=7292"},{"taxonomy":"product_tag","embeddable":true,"href":"https:\/\/www.oenovino.paris\/en\/wp-json\/wp\/v2\/product_tag?post=7292"}],"curies":[{"name":"wp","href":"https:\/\/api.w.org\/{rel}","templated":true}]}}