{"id":6954,"date":"2019-03-04T15:58:20","date_gmt":"2019-03-04T14:58:20","guid":{"rendered":"https:\/\/www.oenovino.paris\/?page_id=6954"},"modified":"2023-09-08T14:42:08","modified_gmt":"2023-09-08T12:42:08","slug":"personal-data-protection-policy","status":"publish","type":"page","link":"https:\/\/www.oenovino.paris\/en\/personal-data-protection-policy\/","title":{"rendered":"PERSONAL DATA PROTECTION POLICY"},"content":{"rendered":"<p>La pr\u00e9sente politique de protection des donn\u00e9es \u00e0 caract\u00e8re personnel d\u00e9finit les pratiques de la soci\u00e9t\u00e9 MY WINE COMPANY en mati\u00e8re de protection des donn\u00e9es \u00e0 caract\u00e8re personnel susceptibles d\u2019\u00eatre collect\u00e9es sur son site Internet www.oenovino.paris (ci-apr\u00e8s le \u00ab\u00a0<strong>Site<\/strong>\u00a0\u00bb).<\/p>\n<p>&nbsp;<\/p>\n<p><strong>Collecte des donn\u00e9es \u00e0 caract\u00e8re personnel <em>via<\/em> le Site<\/strong><\/p>\n<p>Les donn\u00e9es \u00e0 caract\u00e8re personnel des internautes sont collect\u00e9es lorsque\u00a0:<\/p>\n<ul>\n<li>l\u2019internaute envoie un message <em>via<\/em> les formulaires de contact,<\/li>\n<li>l\u2019internaute effectue une commande ou une inscription \u00e0 l\u2019une des formations,<\/li>\n<li>L\u2019internaute s\u2019inscrit \u00e0 la Newsletter via le formulaire.<\/li>\n<\/ul>\n<p>&nbsp;<\/p>\n<p><strong>Utilisation des donn\u00e9es \u00e0 caract\u00e8re personnel<\/strong><\/p>\n<p>&nbsp;<\/p>\n<p><strong><em>Responsable du traitement des donn\u00e9es \u00e0 caract\u00e8re personnel et finalit\u00e9s pour lesquelles les donn\u00e9es sont collect\u00e9es<\/em><\/strong><\/p>\n<p>La soci\u00e9t\u00e9 MY WINE COMPANY est le responsable du traitement des donn\u00e9es collect\u00e9es sur le Site.<\/p>\n<p>Les donn\u00e9es \u00e0 caract\u00e8re personnel utilis\u00e9es par la soci\u00e9t\u00e9 MY WINE COMPANY sont destin\u00e9es \u00e0 permettre l\u2019administration du Site, \u00e0 en faciliter la navigation et \u00e0 fournir les Services, notamment l\u2019envoi des supports de cours physique, l\u2019envoi des informations relatives aux formations, et toute communication n\u00e9cessaire au bon d\u00e9roulement des formations\u2026<\/p>\n<p>Il existe \u00e9galement une segmentation des donn\u00e9es effectu\u00e9e par la soci\u00e9t\u00e9 MY WINE COMPANY pour permettre la diffusion d\u2019informations cibl\u00e9es.<\/p>\n<p>&nbsp;<\/p>\n<p><strong><em>Destinataires des donn\u00e9es collect\u00e9es et transfert <\/em><\/strong><\/p>\n<p>Les donn\u00e9es collect\u00e9es dans le cadre d\u2019une inscription \u00e0 une formation WSET (Dipl\u00f4me de niveau 1 en vins du WSET\u00ae, Dipl\u00f4me de niveau 2 en vins et spiritueux du WSET\u00ae, Dipl\u00f4me de niveau 3 en vins du WSET\u00ae) sont destin\u00e9es \u00e0 la soci\u00e9t\u00e9 MY WINE COMPANY et transmises dans le strict respect des proc\u00e9dures exig\u00e9es par le WSET (Wine &amp; Spirit Education Trust), registered Charity No. 313766, dont le si\u00e8ge est situ\u00e9 au 39-45 Bermondsey Street London SE1 3XF.<\/p>\n<p>En aucun cas, les donn\u00e9es recueillies sur le Site ne seront c\u00e9d\u00e9es \u00e0 d\u2018autres tiers par la soci\u00e9t\u00e9\u00a0MY WINE COMPANY.<\/p>\n<p>&nbsp;<\/p>\n<p><strong>Dur\u00e9e de conservation des donn\u00e9es \u00e0 caract\u00e8re personnel<\/strong><\/p>\n<p>Les donn\u00e9es \u00e0 caract\u00e8re personnel sont conserv\u00e9es par la soci\u00e9t\u00e9 MY WINE COMPANY pendant une dur\u00e9e de 3 ans apr\u00e8s la collecte des donn\u00e9es personnelles des clients.<\/p>\n<p><strong>Droits de la personne sur ses donn\u00e9es \u00e0 caract\u00e8re personnel<\/strong><\/p>\n<p>Conform\u00e9ment \u00e0 la Loi n\u00b078-17 du 6 janvier 1978 et au R\u00e8glement (UE) 2016\/679 du Parlement Europ\u00e9en et du Conseil du 27 avril 2016, l\u2019utilisateur dispose d\u2019un droit d\u2019information, d\u2019acc\u00e8s, de rectification, d\u2019effacement, de limitation et de portabilit\u00e9 de ses donn\u00e9es \u00e0 caract\u00e8re personnel.<\/p>\n<p>L\u2019utilisateur dispose \u00e9galement d\u2019un droit d\u2019opposition au traitement de ses donn\u00e9es \u00e0 caract\u00e8re personnel pour motif l\u00e9gitime.<\/p>\n<p>&nbsp;<\/p>\n<p><strong>Modifications de la pr\u00e9sente d\u00e9claration de protection des donn\u00e9es<\/strong><\/p>\n<p>La soci\u00e9t\u00e9 MY WINE COMPANY est susceptible de modifier r\u00e9guli\u00e8rement la pr\u00e9sente politique de protection de donn\u00e9es \u00e0 caract\u00e8re personnel.<\/p>\n<p>La soci\u00e9t\u00e9 MY WINE COMPANY notifiera tout changement important de sa politique de protection de donn\u00e9es \u00e0 caract\u00e8re personnel au moins trente (30) jours ouvrables avant la prise d\u2019effet dudit changement.<\/p>\n<p><strong>Coordonn\u00e9es du d\u00e9l\u00e9gu\u00e9 \u00e0 la protection des donn\u00e9es (DPO)<\/strong><\/p>\n<p>Oenovino \u2013 My Wine Company<\/p>\n<p>249 rue Lecourbe<\/p>\n<p>75015 PARIS<\/p>\n<p>Tel\u00a0: + 33 (0)1 84 25 05 86<\/p>\n<p>Vous disposez \u00e9galement du droit de saisir la Commission Nationale de l\u2019Informatique et des Libert\u00e9s (CNIL), 3 Place de Fontenoy &#8211; TSA 80715 &#8211; 75334 PARIS CEDEX 07, de toute r\u00e9clamation se rapportant \u00e0 la mani\u00e8re dont My Wine Company collecte et traite vos Donn\u00e9es \u00e0 caract\u00e8re Personnel.<\/p>\n","protected":false},"excerpt":{"rendered":"<p>La pr\u00e9sente politique de protection des donn\u00e9es \u00e0 caract\u00e8re personnel d\u00e9finit les pratiques de la soci\u00e9t\u00e9 MY WINE COMPANY en mati\u00e8re de protection des donn\u00e9es \u00e0 caract\u00e8re personnel susceptibles d\u2019\u00eatre collect\u00e9es sur son site Internet www.oenovino.paris (ci-apr\u00e8s le \u00ab\u00a0Site\u00a0\u00bb). &nbsp; Collecte des donn\u00e9es \u00e0 caract\u00e8re personnel via le Site Les donn\u00e9es \u00e0 caract\u00e8re personnel des [&hellip;]<\/p>\n","protected":false},"author":5,"featured_media":0,"parent":0,"menu_order":0,"comment_status":"closed","ping_status":"closed","template":"","meta":{"_analytify_skip_tracking":false,"footnotes":""},"class_list":["post-6954","page","type-page","status-publish","hentry"],"yoast_head":"<!-- This site is optimized with the Yoast SEO plugin v25.3 - https:\/\/yoast.com\/wordpress\/plugins\/seo\/ -->\n<title>PERSONAL DATA PROTECTION POLICY | Oenovino | Wine courses in Paris<\/title>\n<meta name=\"robots\" content=\"index, follow, max-snippet:-1, max-image-preview:large, max-video-preview:-1\" \/>\n<link rel=\"canonical\" href=\"https:\/\/www.oenovino.paris\/en\/personal-data-protection-policy\/\" \/>\n<meta property=\"og:locale\" content=\"en_US\" \/>\n<meta property=\"og:type\" content=\"article\" \/>\n<meta property=\"og:title\" content=\"PERSONAL DATA PROTECTION POLICY | Oenovino | Wine courses in Paris\" \/>\n<meta property=\"og:description\" content=\"La pr\u00e9sente politique de protection des donn\u00e9es \u00e0 caract\u00e8re personnel d\u00e9finit les pratiques de la soci\u00e9t\u00e9 MY WINE COMPANY en mati\u00e8re de protection des donn\u00e9es \u00e0 caract\u00e8re personnel susceptibles d\u2019\u00eatre collect\u00e9es sur son site Internet www.oenovino.paris (ci-apr\u00e8s le \u00ab\u00a0Site\u00a0\u00bb). &nbsp; Collecte des donn\u00e9es \u00e0 caract\u00e8re personnel via le Site Les donn\u00e9es \u00e0 caract\u00e8re personnel des [&hellip;]\" \/>\n<meta property=\"og:url\" content=\"https:\/\/www.oenovino.paris\/en\/personal-data-protection-policy\/\" \/>\n<meta property=\"og:site_name\" content=\"Oenovino | Wine courses in Paris\" \/>\n<meta property=\"article:publisher\" content=\"https:\/\/www.facebook.com\/OenovinoParis\/\" \/>\n<meta property=\"article:modified_time\" content=\"2023-09-08T12:42:08+00:00\" \/>\n<meta name=\"twitter:card\" content=\"summary_large_image\" \/>\n<meta name=\"twitter:site\" content=\"@Oenovino_\" \/>\n<script type=\"application\/ld+json\" class=\"yoast-schema-graph\">{\"@context\":\"https:\/\/schema.org\",\"@graph\":[{\"@type\":\"WebPage\",\"@id\":\"https:\/\/www.oenovino.paris\/en\/personal-data-protection-policy\/\",\"url\":\"https:\/\/www.oenovino.paris\/en\/personal-data-protection-policy\/\",\"name\":\"PERSONAL DATA PROTECTION POLICY | Oenovino | Wine courses in Paris\",\"isPartOf\":{\"@id\":\"https:\/\/www.oenovino.paris\/en\/#website\"},\"datePublished\":\"2019-03-04T14:58:20+00:00\",\"dateModified\":\"2023-09-08T12:42:08+00:00\",\"breadcrumb\":{\"@id\":\"https:\/\/www.oenovino.paris\/en\/personal-data-protection-policy\/#breadcrumb\"},\"inLanguage\":\"en-US\",\"potentialAction\":[{\"@type\":\"ReadAction\",\"target\":[\"https:\/\/www.oenovino.paris\/en\/personal-data-protection-policy\/\"]}]},{\"@type\":\"BreadcrumbList\",\"@id\":\"https:\/\/www.oenovino.paris\/en\/personal-data-protection-policy\/#breadcrumb\",\"itemListElement\":[{\"@type\":\"ListItem\",\"position\":1,\"name\":\"Home\",\"item\":\"https:\/\/www.oenovino.paris\/en\/\"},{\"@type\":\"ListItem\",\"position\":2,\"name\":\"PERSONAL DATA PROTECTION POLICY\"}]},{\"@type\":\"WebSite\",\"@id\":\"https:\/\/www.oenovino.paris\/en\/#website\",\"url\":\"https:\/\/www.oenovino.paris\/en\/\",\"name\":\"Oenovino | Wine courses in Paris\",\"description\":\"Wine tasting school in Paris\",\"potentialAction\":[{\"@type\":\"SearchAction\",\"target\":{\"@type\":\"EntryPoint\",\"urlTemplate\":\"https:\/\/www.oenovino.paris\/en\/?s={search_term_string}\"},\"query-input\":{\"@type\":\"PropertyValueSpecification\",\"valueRequired\":true,\"valueName\":\"search_term_string\"}}],\"inLanguage\":\"en-US\"}]}<\/script>\n<!-- \/ Yoast SEO plugin. -->","yoast_head_json":{"title":"PERSONAL DATA PROTECTION POLICY | Oenovino | Wine courses in Paris","robots":{"index":"index","follow":"follow","max-snippet":"max-snippet:-1","max-image-preview":"max-image-preview:large","max-video-preview":"max-video-preview:-1"},"canonical":"https:\/\/www.oenovino.paris\/en\/personal-data-protection-policy\/","og_locale":"en_US","og_type":"article","og_title":"PERSONAL DATA PROTECTION POLICY | Oenovino | Wine courses in Paris","og_description":"La pr\u00e9sente politique de protection des donn\u00e9es \u00e0 caract\u00e8re personnel d\u00e9finit les pratiques de la soci\u00e9t\u00e9 MY WINE COMPANY en mati\u00e8re de protection des donn\u00e9es \u00e0 caract\u00e8re personnel susceptibles d\u2019\u00eatre collect\u00e9es sur son site Internet www.oenovino.paris (ci-apr\u00e8s le \u00ab\u00a0Site\u00a0\u00bb). &nbsp; Collecte des donn\u00e9es \u00e0 caract\u00e8re personnel via le Site Les donn\u00e9es \u00e0 caract\u00e8re personnel des [&hellip;]","og_url":"https:\/\/www.oenovino.paris\/en\/personal-data-protection-policy\/","og_site_name":"Oenovino | Wine courses in Paris","article_publisher":"https:\/\/www.facebook.com\/OenovinoParis\/","article_modified_time":"2023-09-08T12:42:08+00:00","twitter_card":"summary_large_image","twitter_site":"@Oenovino_","schema":{"@context":"https:\/\/schema.org","@graph":[{"@type":"WebPage","@id":"https:\/\/www.oenovino.paris\/en\/personal-data-protection-policy\/","url":"https:\/\/www.oenovino.paris\/en\/personal-data-protection-policy\/","name":"PERSONAL DATA PROTECTION POLICY | Oenovino | Wine courses in Paris","isPartOf":{"@id":"https:\/\/www.oenovino.paris\/en\/#website"},"datePublished":"2019-03-04T14:58:20+00:00","dateModified":"2023-09-08T12:42:08+00:00","breadcrumb":{"@id":"https:\/\/www.oenovino.paris\/en\/personal-data-protection-policy\/#breadcrumb"},"inLanguage":"en-US","potentialAction":[{"@type":"ReadAction","target":["https:\/\/www.oenovino.paris\/en\/personal-data-protection-policy\/"]}]},{"@type":"BreadcrumbList","@id":"https:\/\/www.oenovino.paris\/en\/personal-data-protection-policy\/#breadcrumb","itemListElement":[{"@type":"ListItem","position":1,"name":"Home","item":"https:\/\/www.oenovino.paris\/en\/"},{"@type":"ListItem","position":2,"name":"PERSONAL DATA PROTECTION POLICY"}]},{"@type":"WebSite","@id":"https:\/\/www.oenovino.paris\/en\/#website","url":"https:\/\/www.oenovino.paris\/en\/","name":"Oenovino | Wine courses in Paris","description":"Wine tasting school in Paris","potentialAction":[{"@type":"SearchAction","target":{"@type":"EntryPoint","urlTemplate":"https:\/\/www.oenovino.paris\/en\/?s={search_term_string}"},"query-input":{"@type":"PropertyValueSpecification","valueRequired":true,"valueName":"search_term_string"}}],"inLanguage":"en-US"}]}},"jetpack_shortlink":"https:\/\/wp.me\/P8ACsM-1Oa","jetpack_sharing_enabled":true,"_links":{"self":[{"href":"https:\/\/www.oenovino.paris\/en\/wp-json\/wp\/v2\/pages\/6954","targetHints":{"allow":["GET"]}}],"collection":[{"href":"https:\/\/www.oenovino.paris\/en\/wp-json\/wp\/v2\/pages"}],"about":[{"href":"https:\/\/www.oenovino.paris\/en\/wp-json\/wp\/v2\/types\/page"}],"author":[{"embeddable":true,"href":"https:\/\/www.oenovino.paris\/en\/wp-json\/wp\/v2\/users\/5"}],"replies":[{"embeddable":true,"href":"https:\/\/www.oenovino.paris\/en\/wp-json\/wp\/v2\/comments?post=6954"}],"version-history":[{"count":2,"href":"https:\/\/www.oenovino.paris\/en\/wp-json\/wp\/v2\/pages\/6954\/revisions"}],"predecessor-version":[{"id":6956,"href":"https:\/\/www.oenovino.paris\/en\/wp-json\/wp\/v2\/pages\/6954\/revisions\/6956"}],"wp:attachment":[{"href":"https:\/\/www.oenovino.paris\/en\/wp-json\/wp\/v2\/media?parent=6954"}],"curies":[{"name":"wp","href":"https:\/\/api.w.org\/{rel}","templated":true}]}}