{"id":6952,"date":"2017-03-25T13:42:41","date_gmt":"2017-03-25T12:42:41","guid":{"rendered":"https:\/\/www.oenovino.paris\/?page_id=6952"},"modified":"2023-09-08T14:38:00","modified_gmt":"2023-09-08T12:38:00","slug":"legal-notices","status":"publish","type":"page","link":"https:\/\/www.oenovino.paris\/en\/legal-notices\/","title":{"rendered":"Legal notices"},"content":{"rendered":"<p>&nbsp;<\/p>\n<p>Oenovino.paris est exploit\u00e9 par la soci\u00e9t\u00e9 My Wine Company, dont le si\u00e8ge social se trouve au 249 rue Lecourbe, 75015 PARIS.<\/p>\n<p>PARIS<\/p>\n<p>Oenovino\u00ae est une marque d\u00e9pos\u00e9e par la soci\u00e9t\u00e9 My Wine Company.<\/p>\n<p>&nbsp;<\/p>\n<p><strong>H\u00e9bergement du site :\u2028<\/strong><\/p>\n<p>Le site oenovino.paris est h\u00e9berg\u00e9 par OVH \u2013\u00a0 2 rue Kellermann \u2013 59100 ROUBAIX \u2013 France<\/p>\n<p>Pour contacter cet h\u00e9bergeur, rendez-vous \u00e0 l\u2019adresse http:\/\/www.ovh.com\/fr\/support\/<\/p>\n<p>&nbsp;<\/p>\n<p><strong>Responsable de la publication<\/strong> :<\/p>\n<p>Julien Lamon, Pr\u00e9sident de la soci\u00e9t\u00e9 My Wine Company est responsable de la publication du site. Toute reproduction,<\/p>\n<p>rediffusion ou commercialisation totale ou partielle du contenu est interdite sauf autorisation.<\/p>\n<p>D\u00e9clarations aupr\u00e8s de la Commission Nationale Informatique et Libert\u00e9s :<\/p>\n<p>Conform\u00e9ment \u00e0 la loi &#8220;Informatique et Libert\u00e9s&#8221; le traitement des informations nominatives relatives aux internautes a<\/p>\n<p>fait l&#8217;objet d&#8217;une d\u00e9claration aupr\u00e8s de la Commission Nationale de l&#8217;Informatique et des Libert\u00e9s (CNIL \u2013 num\u00e9ro en cours<\/p>\n<p>d\u2019obtention). \u2028Vous disposez d\u2019un droit d\u2019acc\u00e8s, de modification de rectification et de suppression des donn\u00e9es qui vous<\/p>\n<p>concernent sur simple demande.<\/p>\n<p>&nbsp;<\/p>\n<p><strong>Pour exercer ce droit il vous suffit de nous \u00e9crire \u00e0<\/strong>\u00a0:<\/p>\n<p>Oenovino \u2013 My Wine Company<\/p>\n<p>249 rue Lecourbe<\/p>\n<p>75015 PARIS<\/p>\n<p>Tel\u00a0: + 33 (0)1 84 25 05 86<\/p>\n<p>Mail\u00a0: contact@oenovino.paris<\/p>\n","protected":false},"excerpt":{"rendered":"<p>&nbsp; Oenovino.paris est exploit\u00e9 par la soci\u00e9t\u00e9 My Wine Company, dont le si\u00e8ge social se trouve au 249 rue Lecourbe, 75015 PARIS. PARIS Oenovino\u00ae est une marque d\u00e9pos\u00e9e par la soci\u00e9t\u00e9 My Wine Company. &nbsp; H\u00e9bergement du site :\u2028 Le site oenovino.paris est h\u00e9berg\u00e9 par OVH \u2013\u00a0 2 rue Kellermann \u2013 59100 ROUBAIX \u2013 France [&hellip;]<\/p>\n","protected":false},"author":5,"featured_media":0,"parent":0,"menu_order":0,"comment_status":"closed","ping_status":"closed","template":"","meta":{"_analytify_skip_tracking":false,"footnotes":""},"class_list":["post-6952","page","type-page","status-publish","hentry"],"yoast_head":"<!-- This site is optimized with the Yoast SEO plugin v25.3 - https:\/\/yoast.com\/wordpress\/plugins\/seo\/ -->\n<title>Legal notices | Oenovino | Wine courses in Paris<\/title>\n<meta name=\"robots\" content=\"index, follow, max-snippet:-1, max-image-preview:large, max-video-preview:-1\" \/>\n<link rel=\"canonical\" href=\"https:\/\/www.oenovino.paris\/en\/legal-notices\/\" \/>\n<meta property=\"og:locale\" content=\"en_US\" \/>\n<meta property=\"og:type\" content=\"article\" \/>\n<meta property=\"og:title\" content=\"Legal notices | Oenovino | Wine courses in Paris\" \/>\n<meta property=\"og:description\" content=\"&nbsp; Oenovino.paris est exploit\u00e9 par la soci\u00e9t\u00e9 My Wine Company, dont le si\u00e8ge social se trouve au 249 rue Lecourbe, 75015 PARIS. PARIS Oenovino\u00ae est une marque d\u00e9pos\u00e9e par la soci\u00e9t\u00e9 My Wine Company. &nbsp; H\u00e9bergement du site :\u2028 Le site oenovino.paris est h\u00e9berg\u00e9 par OVH \u2013\u00a0 2 rue Kellermann \u2013 59100 ROUBAIX \u2013 France [&hellip;]\" \/>\n<meta property=\"og:url\" content=\"https:\/\/www.oenovino.paris\/en\/legal-notices\/\" \/>\n<meta property=\"og:site_name\" content=\"Oenovino | Wine courses in Paris\" \/>\n<meta property=\"article:publisher\" content=\"https:\/\/www.facebook.com\/OenovinoParis\/\" \/>\n<meta property=\"article:modified_time\" content=\"2023-09-08T12:38:00+00:00\" \/>\n<meta name=\"twitter:card\" content=\"summary_large_image\" \/>\n<meta name=\"twitter:site\" content=\"@Oenovino_\" \/>\n<script type=\"application\/ld+json\" class=\"yoast-schema-graph\">{\"@context\":\"https:\/\/schema.org\",\"@graph\":[{\"@type\":\"WebPage\",\"@id\":\"https:\/\/www.oenovino.paris\/en\/legal-notices\/\",\"url\":\"https:\/\/www.oenovino.paris\/en\/legal-notices\/\",\"name\":\"Legal notices | Oenovino | Wine courses in Paris\",\"isPartOf\":{\"@id\":\"https:\/\/www.oenovino.paris\/en\/#website\"},\"datePublished\":\"2017-03-25T12:42:41+00:00\",\"dateModified\":\"2023-09-08T12:38:00+00:00\",\"breadcrumb\":{\"@id\":\"https:\/\/www.oenovino.paris\/en\/legal-notices\/#breadcrumb\"},\"inLanguage\":\"en-US\",\"potentialAction\":[{\"@type\":\"ReadAction\",\"target\":[\"https:\/\/www.oenovino.paris\/en\/legal-notices\/\"]}]},{\"@type\":\"BreadcrumbList\",\"@id\":\"https:\/\/www.oenovino.paris\/en\/legal-notices\/#breadcrumb\",\"itemListElement\":[{\"@type\":\"ListItem\",\"position\":1,\"name\":\"Home\",\"item\":\"https:\/\/www.oenovino.paris\/en\/\"},{\"@type\":\"ListItem\",\"position\":2,\"name\":\"Legal notices\"}]},{\"@type\":\"WebSite\",\"@id\":\"https:\/\/www.oenovino.paris\/en\/#website\",\"url\":\"https:\/\/www.oenovino.paris\/en\/\",\"name\":\"Oenovino | Wine courses in Paris\",\"description\":\"Wine tasting school in Paris\",\"potentialAction\":[{\"@type\":\"SearchAction\",\"target\":{\"@type\":\"EntryPoint\",\"urlTemplate\":\"https:\/\/www.oenovino.paris\/en\/?s={search_term_string}\"},\"query-input\":{\"@type\":\"PropertyValueSpecification\",\"valueRequired\":true,\"valueName\":\"search_term_string\"}}],\"inLanguage\":\"en-US\"}]}<\/script>\n<!-- \/ Yoast SEO plugin. -->","yoast_head_json":{"title":"Legal notices | Oenovino | Wine courses in Paris","robots":{"index":"index","follow":"follow","max-snippet":"max-snippet:-1","max-image-preview":"max-image-preview:large","max-video-preview":"max-video-preview:-1"},"canonical":"https:\/\/www.oenovino.paris\/en\/legal-notices\/","og_locale":"en_US","og_type":"article","og_title":"Legal notices | Oenovino | Wine courses in Paris","og_description":"&nbsp; Oenovino.paris est exploit\u00e9 par la soci\u00e9t\u00e9 My Wine Company, dont le si\u00e8ge social se trouve au 249 rue Lecourbe, 75015 PARIS. PARIS Oenovino\u00ae est une marque d\u00e9pos\u00e9e par la soci\u00e9t\u00e9 My Wine Company. &nbsp; H\u00e9bergement du site :\u2028 Le site oenovino.paris est h\u00e9berg\u00e9 par OVH \u2013\u00a0 2 rue Kellermann \u2013 59100 ROUBAIX \u2013 France [&hellip;]","og_url":"https:\/\/www.oenovino.paris\/en\/legal-notices\/","og_site_name":"Oenovino | Wine courses in Paris","article_publisher":"https:\/\/www.facebook.com\/OenovinoParis\/","article_modified_time":"2023-09-08T12:38:00+00:00","twitter_card":"summary_large_image","twitter_site":"@Oenovino_","schema":{"@context":"https:\/\/schema.org","@graph":[{"@type":"WebPage","@id":"https:\/\/www.oenovino.paris\/en\/legal-notices\/","url":"https:\/\/www.oenovino.paris\/en\/legal-notices\/","name":"Legal notices | Oenovino | Wine courses in Paris","isPartOf":{"@id":"https:\/\/www.oenovino.paris\/en\/#website"},"datePublished":"2017-03-25T12:42:41+00:00","dateModified":"2023-09-08T12:38:00+00:00","breadcrumb":{"@id":"https:\/\/www.oenovino.paris\/en\/legal-notices\/#breadcrumb"},"inLanguage":"en-US","potentialAction":[{"@type":"ReadAction","target":["https:\/\/www.oenovino.paris\/en\/legal-notices\/"]}]},{"@type":"BreadcrumbList","@id":"https:\/\/www.oenovino.paris\/en\/legal-notices\/#breadcrumb","itemListElement":[{"@type":"ListItem","position":1,"name":"Home","item":"https:\/\/www.oenovino.paris\/en\/"},{"@type":"ListItem","position":2,"name":"Legal notices"}]},{"@type":"WebSite","@id":"https:\/\/www.oenovino.paris\/en\/#website","url":"https:\/\/www.oenovino.paris\/en\/","name":"Oenovino | Wine courses in Paris","description":"Wine tasting school in Paris","potentialAction":[{"@type":"SearchAction","target":{"@type":"EntryPoint","urlTemplate":"https:\/\/www.oenovino.paris\/en\/?s={search_term_string}"},"query-input":{"@type":"PropertyValueSpecification","valueRequired":true,"valueName":"search_term_string"}}],"inLanguage":"en-US"}]}},"jetpack_shortlink":"https:\/\/wp.me\/P8ACsM-1O8","jetpack_sharing_enabled":true,"_links":{"self":[{"href":"https:\/\/www.oenovino.paris\/en\/wp-json\/wp\/v2\/pages\/6952","targetHints":{"allow":["GET"]}}],"collection":[{"href":"https:\/\/www.oenovino.paris\/en\/wp-json\/wp\/v2\/pages"}],"about":[{"href":"https:\/\/www.oenovino.paris\/en\/wp-json\/wp\/v2\/types\/page"}],"author":[{"embeddable":true,"href":"https:\/\/www.oenovino.paris\/en\/wp-json\/wp\/v2\/users\/5"}],"replies":[{"embeddable":true,"href":"https:\/\/www.oenovino.paris\/en\/wp-json\/wp\/v2\/comments?post=6952"}],"version-history":[{"count":1,"href":"https:\/\/www.oenovino.paris\/en\/wp-json\/wp\/v2\/pages\/6952\/revisions"}],"predecessor-version":[{"id":6953,"href":"https:\/\/www.oenovino.paris\/en\/wp-json\/wp\/v2\/pages\/6952\/revisions\/6953"}],"wp:attachment":[{"href":"https:\/\/www.oenovino.paris\/en\/wp-json\/wp\/v2\/media?parent=6952"}],"curies":[{"name":"wp","href":"https:\/\/api.w.org\/{rel}","templated":true}]}}